{"id":16,"date":"2022-11-10T16:06:02","date_gmt":"2022-11-10T15:06:02","guid":{"rendered":"https:\/\/sanitarea.es\/?page_id=16"},"modified":"2023-01-26T19:55:41","modified_gmt":"2023-01-26T18:55:41","slug":"reembolso_devoluciones","status":"publish","type":"page","link":"https:\/\/sanitarea.es\/ca\/reembolso_devoluciones\/","title":{"rendered":"Condiciones generales"},"content":{"rendered":"\t\t<div data-elementor-type=\"wp-page\" data-elementor-id=\"16\" class=\"elementor elementor-16\" data-elementor-post-type=\"page\">\n\t\t\t\t\t\t<section class=\"elementor-section elementor-top-section elementor-element elementor-element-61c8bd9e elementor-section-boxed elementor-section-height-default elementor-section-height-default\" data-id=\"61c8bd9e\" data-element_type=\"section\">\n\t\t\t\t\t\t<div class=\"elementor-container elementor-column-gap-default\">\n\t\t\t\t\t<div class=\"elementor-column elementor-col-100 elementor-top-column elementor-element elementor-element-2cd37bc0\" data-id=\"2cd37bc0\" data-element_type=\"column\">\n\t\t\t<div class=\"elementor-widget-wrap elementor-element-populated\">\n\t\t\t\t\t\t<div class=\"elementor-element elementor-element-73804bd elementor-widget elementor-widget-heading\" data-id=\"73804bd\" data-element_type=\"widget\" data-widget_type=\"heading.default\">\n\t\t\t\t<div class=\"elementor-widget-container\">\n\t\t\t\t\t<h2 class=\"elementor-heading-title elementor-size-default\">Condiciones generales<\/h2>\t\t\t\t<\/div>\n\t\t\t\t<\/div>\n\t\t\t\t<div class=\"elementor-element elementor-element-9baf309 elementor-widget elementor-widget-text-editor\" data-id=\"9baf309\" data-element_type=\"widget\" data-widget_type=\"text-editor.default\">\n\t\t\t\t<div class=\"elementor-widget-container\">\n\t\t\t\t\t\t\t\t\t<div title=\"Page 34\">\n<div>\n<div>\n<p>Esta pa\u0301gina establece las Condiciones Generales por las que se rige el uso de sanitarea.es (la \u201cWeb\u201d) y la compra de Cursos de formacio\u0301n, Productos y\/o Servicios que se ofrecen en la misma.<\/p>\n<p><br><\/p>\n<p><\/p>\n<p>Junto con el Aviso Legal, la Poli\u0301tica de Privacidad y la Poli\u0301tica de Cookies, forman el marco legal aplicable (los &#8220;Te\u0301rminos Legales de la Web&#8221;) al uso de la Web y sera\u0301n actualizados perio\u0301dicamente, por lo que resultara\u0301n aplicables los que se encuentren publicados cuando utilices la Web.<\/p>\n<p><br><\/p>\n<p><\/p>\n<p>La aceptacio\u0301n de estos Te\u0301rminos y Condiciones conlleva que el Usuario ha lei\u0301do, entiende y comprende lo aqui\u0301 expuesto, teniendo capacidad para ello.<\/p>\n<p>Estas Condiciones permanecera\u0301n publicadas en el sitio web a disposicio\u0301n del Usuario para reproducirlas y guardarlas como confirmacio\u0301n del contrato, pudiendo ser modificadas en cualquier momento por el PRESTADOR. Es responsabilidad del USUARIO leerlas perio\u0301dicamente, ya que resultara\u0301n aplicables aquellas que se encuentren vigentes en el momento de realizacio\u0301n de pedidos.<\/p>\n<p><br><\/p>\n<p><\/p>\n<p>El sitio web ise reserva el derecho de modificar unilateralmente las condiciones, sin que ello pueda afectar a los te\u0301rminos y condiciones que fueron implementados previamente a la modificacio\u0301n.<\/p>\n<p>Partes<\/p>\n<p><br><\/p>\n<p><\/p>\n<p>La web sanitarea.es es propiedad de CENTRE DE FORMACIO\u0301 SANITAREA S.L (el \u201cCentro\u201d), con NIF B43968593 y domicilio social en c\/ Montserrat Roig, no 5,B, 2o 4a , 43204 Reus (Tarragona).<\/p>\n<p><br><\/p>\n<p><\/p>\n<p>La utilizacio\u0301n de la Web atribuye al que la realice la condicio\u0301n de Usuario (el &#8220;Usuario&#8221;). Objeto<\/p>\n<p>Las presentes condiciones generales tienen por objeto la regulacio\u0301n de la relacio\u0301n entre el Centro y el Usuario relativas a la compra de los cursos, productos o servicios que se ofrecen pu\u0301blicamente en la web.<\/p>\n<p><br><\/p>\n<p><\/p>\n<p>La realizacio\u0301n de la compra y su confirmacio\u0301n implica la aceptacio\u0301n plena y completa de los presentes Te\u0301rminos y Condiciones, asi\u0301 como la aceptacio\u0301n del resto de los Te\u0301rminos Legales de la Web y cualesquiera otros asi\u0301 indicados expresamente por el Centro.<\/p>\n<p><br><\/p>\n<p><\/p>\n<p>\u00a1<b>Condiciones de compra y reservas<\/b><\/p>\n<p><b><br><\/b><\/p>\n<p><\/p>\n<p>El Usuario dispone de informacio\u0301n detallada en la descripcio\u0301n de cada Curso, Producto y\/o Servicio que ofrece la Web (modalidad, disponibilidad, descuentos, precio total de la compra, fechas, horarios, etc.)<\/p>\n<p><br><\/p>\n<p>Las inscripciones a los cursos, se podra\u0301n realizar:<\/p>\n<ol>\n<li>Online: rellenando el formulario de inscripcio\u0301n que a tal efecto aparece en la Web.&nbsp;<\/li>\n<li>&nbsp;Por tele\u0301fono, llamando al 646 854 137.<\/li>\n<li>&nbsp;Enviando un email a info@sanitarea.es<\/li>\n<\/ol>\n<div>&nbsp;<\/div>\n<div>\n<div title=\"Page 35\">\n<div>\n<div>\n<p>Para realizar la inscripcio\u0301n online, el Usuario debera\u0301 seguir el procedimiento que se ira\u0301 indicando a trave\u0301s de la Web, cumplimentando todos los campos que aparecen como obligatorios en los distintos formularios. \/\/USUARIO Y CONTRASEN\u0303A: debera\u0301 darse de alta a trave\u0301s del sitio web mediante la creacio\u0301n de una cuenta de usuario.<\/p>\n<p><br><\/p>\n<p><\/p>\n<p>Por ello, el Usuario debera\u0301 proporcionar de manera libre y voluntaria los datos personales que se le requerira\u0301n, los cuales se tratara\u0301n de conformidad con lo dispuesto en el Reglamento (UE) 2016\/679, de 27 de abril de 2016 (GDPR), relativo a la proteccio\u0301n de las personas fi\u0301sicas en lo que respecta al tratamiento de datos personales y a la libre circulacio\u0301n de estos datos y la Ley Orga\u0301nica 3\/2018, de 5 de diciembre (LOPDGDD), relativa a la proteccio\u0301n de datos de cara\u0301cter personal y detallada en el Aviso legal y en la Poli\u0301tica de privacidad de este sitio web.<\/p>\n<p><br><\/p>\n<p><\/p>\n<p>El USUARIO accedera\u0301 mediante la cuenta registrada en la Web, con usuario y contrasen\u0303a, comprometie\u0301ndose a hacer un uso diligente de los mismos y a no ponerlos a disposicio\u0301n de terceros, asi\u0301 como a comunicar al Centro la pe\u0301rdida o robo de los mismos o el posible acceso por un tercero no autorizado, de manera que este proceda al bloqueo inmediato.<\/p>\n<p><br><\/p>\n<p><\/p>\n<p>Una vez se haya seleccionado el Curso o Producto que el Usuario desea adquirir, quedara\u0301 introducido el pedido en la cesta de compra, donde podra\u0301 revisarlo en detalle antes de realizar el pago:<\/p>\n<p><br><\/p>\n<ol>\n<li>Comprobacio\u0301n de los datos de facturacio\u0301n.&nbsp;<\/li>\n<li>Seleccio\u0301n de la forma de pago.<\/li>\n<li>Realizar el pedido (comprar).<\/li>\n<\/ol>\n<p><br><\/p>\n<p><\/p>\n<p><b>Formas de pago<\/b><\/p>\n<p><\/p>\n<p>Se utilizara\u0301 como medio de pago los indicados en la Web:&nbsp;<\/p>\n<p><\/p>\n<ol>\n<li>Ingreso en cuenta<\/li>\n<li>Bizum<\/li>\n<li>Tarjeta bancaria<\/li>\n<li>Transferencia bancari<\/li>\n<\/ol>\n<p>No se admitira\u0301n otros medios de pago distintos de los especificados directamente en la Web.<\/p>\n<p><\/p>\n<p>El sitio web utiliza te\u0301cnicas de seguridad de la informacio\u0301n, tales como SSL, datos introducidos en pa\u0301gina segura, firewalls, procedimientos de control de acceso y mecanismos criptogra\u0301ficos, todo ello con el objeto de garantizar la proteccio\u0301n de los datos y evitar el acceso no autorizado a los mismos. Para lograr estos fines, el Usuario acepta que el Centro obtenga datos para efecto de la correspondiente autenticacio\u0301n de los controles de acceso.<\/p>\n<p>Activacio\u0301n del curso<\/p>\n<p><br><\/p>\n<p><\/p>\n<p>Una vez finalizada la compra, el Usuario debera\u0301 enviar un correo electro\u0301nico a info@sanitarea.es indicando su nombre completo, nu\u0301mero del curso y el comprobante de pago\/\/ en un ma\u0301x. de 24 horas (di\u0301as laborables), el Usuario recibira\u0301 un (b) SMS al tele\u0301fono que nos haya indicado o (c) un correo electro\u0301nico confirmando su inscripcio\u0301n en el Curso.<\/p>\n<p><br><\/p>\n<p><b>Servicio de atencio\u0301n<\/b><\/p>\n<p><br><\/p>\n<p><\/p>\n<p>Si el Usuario tiene alguna duda o necesita ma\u0301s informacio\u0301n, podra\u0301 contactar con nosotros y su solicitud sera\u0301 atendida a la mayor brevedad posible. Los datos de contacto aparecen en el apartado &#8220;Contacto&#8221;.<\/p>\n<p><br><\/p>\n<p><\/p>\n<p><strong>Poli\u0301tica de Sustitucio\u0301n<\/strong><\/p>\n<p><strong>&nbsp;<\/strong><\/p>\n<div class=\"page\" title=\"Page 36\">\n<div class=\"layoutArea\">\n<div class=\"column\">\n<p>Se debera\u0301 informar la solicitud de sustitucio\u0301n, cambio y devolucio\u0301n siempre previamente por escrito, enviando un email a info@sanitarea.es, indicando su nombre completo, nu\u0301mero del curso y solicitud.<\/p>\n<p>En caso de no poder asistir y\/o realizar el Curso, el usuario podra\u0301:<\/p>\n<ol>\n<li>\n<p>Transferir su plaza a otra persona, sin coste adicional. Para que se haga efectivo el cambio, la persona que<\/p>\n<p>finalmente realice el curso debera\u0301 confirmar su asistencia, enviando un email a info@sanitarea.es<\/p>\n<\/li>\n<li>\n<p>Inscribirse a otra edicio\u0301n del curso inscrito con anterioridad. El cambio no garantiza que haya plazas disponibles, estara\u0301 sujeto a la disponibilidad que aparezca en la Web en esos momentos.<\/p>\n<\/li>\n<\/ol>\n<p><b>Pol\u00edtica de Devolucio\u0301n<\/b><\/p><p><b><br><\/b><\/p>\n<p><\/p>\n<p>En caso de cancelacio\u0301n del curso por parte del Usuario, tendra\u0301 derecho a la devolucio\u0301n del importe de la inscripcio\u0301n, de conformidad con las siguientes condiciones:<\/p>\n<p><\/p>\n<p>a. 50% del importe de la matricula, con un preaviso ma\u0301x. de dos semanas antes del inicio del Curso: b. 25% de la matricula, con un preaviso ma\u0301x. de una semana antes del inicio del Curso.<\/p><p><br><\/p><p>La devoluci\u00f3n del importe ser realizar\u00e1 con el mismo m\u00e9todo de pago con el que se realiz\u00f3 la compra.<\/p><p><br><\/p>\n<p><\/p>\n<p>El Centro se reserva el derecho de posponer o cancelar un curso por causa mayor justificada. En estos casos, sera\u0301n reintegrados totalmente los pagos recibidos por inscripciones sin posibilidad expresa de ningu\u0301n otro tipo de compensacio\u0301n.<\/p>\n<p>Derecho de Desistimiento<\/p>\n<p><\/p>\n<p>El Usuario dispone de un plazo de catorce di\u0301as naturales, a contar desde la fecha de descarga o activacio\u0301n del producto, para devolverlo (arti\u0301culo 71 de la Ley 3\/2014, de 27 de marzo).<\/p>\n<p><\/p>\n<p>El Usuario debera\u0301 contactar con nosotros enviando un correo electro\u0301nico a info@sanitarea.es, indicando su nombre completo y nu\u0301mero de curso. Puede adjuntarnos tambie\u0301n el Formulario de desistimiento: https:\/\/sanitarea.es\/formulario- solicitud-desistimiento.pdf<\/p>\n<p>El derecho de desistimiento no sera\u0301 aplicable a las matriculaciones en los cursos una vez que estos hayan comenzado segu\u0301n el plazo de ejecucio\u0301n del mismo.<\/p>\n<p><br><\/p>\n<p><\/p>\n<p><b>Fuerza Mayor<\/b><\/p>\n<p><b><br><\/b><\/p>\n<p><\/p>\n<p>En caso de incumplimiento o retraso en el cumplimiento de alguna de las obligaciones asumidas debida a causa de fuerza mayor, el Centro no se hara\u0301 responsable. El cumplimiento de la obligacio\u0301n se demorara\u0301 hasta el cese del caso de fuerza mayor.<\/p>\n<p><br><\/p>\n<\/div>\n<\/div>\n<\/div>\n<div class=\"page\" title=\"Page 37\">\n<div class=\"layoutArea\">\n<div class=\"column\">\n<p>A la atencio\u0301n de:<\/p>\n<\/div>\n<\/div>\n<div class=\"layoutArea\">\n<div class=\"column\">\n<p>DERECHO DE DESISTIMIENTO<\/p>\n<\/div>\n<\/div>\n<div class=\"layoutArea\">\n<div class=\"column\">\n<p>Nombre: CENTRE DE FORMACIO\u0301 SANITAREA S.L<br>NIF: B43968593<br>Direccio\u0301n: c\/ Montserrat Roig, no 5,B, 2o 4a , 43204 REUS (TARRAGONA) Poblacio\u0301n: REUS<br>Tele\u0301fono: 646 854 137<br>Correo electro\u0301nico: info@sanitarea.es<\/p>\n<p>Datos del bien\/prestacio\u0301n a desistir:<\/p>\n<p>N.o contrato\/pedido\/factura:<br>Fecha contrato\/pedido\/factura:<br>Fecha de recepcio\u0301n del producto\/servicio: Descripcio\u0301n del producto\/servicio:<\/p>\n<p>Datos del consumidor\/usuario:<\/p>\n<p>Nombre: Domicilio: Poblacio\u0301n: * Tele\u0301fono: * E-mail:<\/p>\n<p>(* datos no obligatorios)<\/p>\n<p><br><\/p>\n<p><b>Derecho de desistimiento:<\/b><\/p>\n<p><b><br><\/b><\/p>\n<p>Podra\u0301 ejercer el derecho de desistimiento dentro del peri\u0301odo de 14 di\u0301as establecidos por ley a partir del di\u0301a siguiente de la fecha de un contrato de servicios o del di\u0301a de la recepcio\u0301n de un producto.<\/p>\n<p><br><\/p>\n<p>De conformidad con el arti\u0301culo 102 y siguientes del Real Decreto Legislativo 1\/2007, de 16 de noviembre, por el que se aprueba el texto refundido de la Ley General para la Defensa de los Consumidores y Usuarios y otras leyes complementarias, le comunico que desisto del contrato de venta del bien\/prestacio\u0301n descrito anteriormente dentro del te\u0301rmino establecido, por lo que agradeceri\u0301a se pusiese en contacto conmigo mediante los datos de contacto facilitados, para notificarme que se ha procedido a esta solicitud.<\/p>\n<p><br><\/p>\n<p>Fecha de la solicitud:<br>Firma del consumidor\/usuario:<\/p>\n<\/div>\n<\/div>\n<\/div>\n<p><strong>&nbsp;<\/strong><\/p>\n<p><strong>&nbsp;<\/strong><\/p>\n<\/div>\n<\/div>\n<\/div>\n<\/div>\n<\/div>\n<\/div>\n<\/div>\t\t\t\t\t\t\t\t<\/div>\n\t\t\t\t<\/div>\n\t\t\t\t\t<\/div>\n\t\t<\/div>\n\t\t\t\t\t<\/div>\n\t\t<\/section>\n\t\t\t\t<\/div>\n\t\t","protected":false},"excerpt":{"rendered":"<p>Condiciones generales Esta pa\u0301gina establece las Condiciones Generales por las que se rige el uso de sanitarea.es (la \u201cWeb\u201d) y la compra de Cursos de formacio\u0301n, Productos y\/o Servicios que se ofrecen en la misma. Junto con el Aviso Legal, la Poli\u0301tica de Privacidad y la Poli\u0301tica de Cookies, forman el marco legal aplicable (los &#8230; <a title=\"Condiciones generales\" class=\"read-more\" href=\"https:\/\/sanitarea.es\/ca\/reembolso_devoluciones\/\" aria-label=\"M\u00e9s informaci\u00f3 sobre Condiciones generales\">Llegiu m\u00e9s<\/a><\/p>\n","protected":false},"author":1,"featured_media":0,"parent":0,"menu_order":0,"comment_status":"closed","ping_status":"closed","template":"elementor_header_footer","meta":{"footnotes":""},"class_list":["post-16","page","type-page","status-publish"],"_links":{"self":[{"href":"https:\/\/sanitarea.es\/ca\/wp-json\/wp\/v2\/pages\/16","targetHints":{"allow":["GET"]}}],"collection":[{"href":"https:\/\/sanitarea.es\/ca\/wp-json\/wp\/v2\/pages"}],"about":[{"href":"https:\/\/sanitarea.es\/ca\/wp-json\/wp\/v2\/types\/page"}],"author":[{"embeddable":true,"href":"https:\/\/sanitarea.es\/ca\/wp-json\/wp\/v2\/users\/1"}],"replies":[{"embeddable":true,"href":"https:\/\/sanitarea.es\/ca\/wp-json\/wp\/v2\/comments?post=16"}],"version-history":[{"count":17,"href":"https:\/\/sanitarea.es\/ca\/wp-json\/wp\/v2\/pages\/16\/revisions"}],"predecessor-version":[{"id":3455,"href":"https:\/\/sanitarea.es\/ca\/wp-json\/wp\/v2\/pages\/16\/revisions\/3455"}],"wp:attachment":[{"href":"https:\/\/sanitarea.es\/ca\/wp-json\/wp\/v2\/media?parent=16"}],"curies":[{"name":"wp","href":"https:\/\/api.w.org\/{rel}","templated":true}]}}