{"id":2214,"date":"2022-09-22T11:51:15","date_gmt":"2022-09-22T10:51:15","guid":{"rendered":"https:\/\/sanitarea.es\/?page_id=2214"},"modified":"2022-11-10T16:06:25","modified_gmt":"2022-11-10T15:06:25","slug":"politica-privacidad","status":"publish","type":"page","link":"https:\/\/sanitarea.es\/ca\/politica-privacidad\/","title":{"rendered":"Pol\u00edtica de privacidad"},"content":{"rendered":"\t\t<div data-elementor-type=\"wp-page\" data-elementor-id=\"2214\" class=\"elementor elementor-2214\" data-elementor-post-type=\"page\">\n\t\t\t\t\t\t<section class=\"elementor-section elementor-top-section elementor-element elementor-element-4a298c7 elementor-section-boxed elementor-section-height-default elementor-section-height-default\" data-id=\"4a298c7\" data-element_type=\"section\">\n\t\t\t\t\t\t<div class=\"elementor-container elementor-column-gap-default\">\n\t\t\t\t\t<div class=\"elementor-column elementor-col-100 elementor-top-column elementor-element elementor-element-2952f52\" data-id=\"2952f52\" data-element_type=\"column\">\n\t\t\t<div class=\"elementor-widget-wrap elementor-element-populated\">\n\t\t\t\t\t\t<div class=\"elementor-element elementor-element-d307c8a elementor-widget elementor-widget-text-editor\" data-id=\"d307c8a\" data-element_type=\"widget\" data-widget_type=\"text-editor.default\">\n\t\t\t\t<div class=\"elementor-widget-container\">\n\t\t\t\t\t\t\t\t\t<h1>Pol\u00edtica de privacidad<\/h1>\t\t\t\t\t\t\t\t<\/div>\n\t\t\t\t<\/div>\n\t\t\t\t<div class=\"elementor-element elementor-element-95b93ed elementor-widget elementor-widget-text-editor\" data-id=\"95b93ed\" data-element_type=\"widget\" data-widget_type=\"text-editor.default\">\n\t\t\t\t<div class=\"elementor-widget-container\">\n\t\t\t\t\t\t\t\t\t<div class=\"page\" title=\"Page 9\"><div class=\"layoutArea\"><div class=\"column\"><p><b>1. INFORMACIO\u0301N AL USUARIO<\/b><\/p><p>\u00a0<\/p><p><b>\u00bfQuie\u0301n es el responsable del tratamiento de tus datos personales?<\/b><\/p><p><b>\u00a0<\/b><\/p><p>CENTRE DE FORMACIO\u0301 SANITAREA S.L es el RESPONSABLE del tratamiento de los datos personales del USUARIO y le informa de que estos datos sera\u0301n tratados de conformidad con lo dispuesto en el Reglamento (UE) 2016\/679, de 27 de abril (GDPR), y la Ley Orga\u0301nica 3\/2018, de 5 de diciembre (LOPDGDD).<\/p><p>\u00a0<\/p><p><b>\u00bfPara que\u0301 tratamos tus datos personales?<\/b><\/p><p>\u00a0<\/p><p>Los datos de cara\u0301cter personal que nos proporciones sera\u0301n utilizados para atender tus solicitudes y consultas, facilitarle informacio\u0301n sobre contenidos o recursos de este sitio web, gestionar tu preinscripcio\u0301n en cursos y actividades formativas. Determinados servicios prestados a trave\u0301s del sitio web pueden contener previsiones especi\u0301ficas en materia de proteccio\u0301n de datos personales, siendo las finalidades de recogida de tus datos las que particularmente se indiquen en el formulario correspondiente, por lo que sera\u0301 indispensable tu lectura y aceptacio\u0301n con cara\u0301cter previo a la solicitud del servicio de que se trate. La no cumplimentacio\u0301n de los campos obligatorios que aparecen en cualquier formulario podra\u0301 tener como consecuencia que el Responsable no pueda atender tu solicitud. En\u00a0<span style=\"background-color: var(--base-3);\">caso de que, a trave\u0301s de los citados formularios u otras funcionalidades de la pa\u0301gina, nos facilites datos de cara\u0301cter personal de terceros, previamente a su inclusio\u0301n debera\u0301s informar a los mismos de los extremos establecidos en los pa\u0301rrafos anteriores, abstenie\u0301ndose de incluirlos de no obtener su consentimiento.<\/span><\/p><p><span style=\"background-color: var(--base-3);\">\u00a0<\/span><\/p><p>La base juri\u0301dica que nos habilita para que llevemos a cabo el tratamiento de tus datos personales, sera\u0301 diferente en cada caso, prevaleciendo tu consentimiento en aquellos casos en que te pongas en contacto con nosotros, nos des traslado de sugerencias, consultas, quejas, reclamaciones, denuncias, te suscribas a nuestra newsletter o participes con comentarios en nuestro blog.<\/p><p>\u00a0<\/p><p>En aquellos casos en que solicites una plaza o te matricules en algu\u0301n curso ofrecido en nuestra web, la base juri\u0301dica de los tratamientos sera\u0301n inicialmente tu consentimiento y posteriormente la existencia de un contrato de formacio\u0301n, asi\u0301 como dar cumplimiento a las obligaciones legales relacionadas con el mismo.<\/p><p>Asimismo, tus datos personales podra\u0301n ser tratados para las siguientes finalidades:<\/p><p>\u00a0<\/p><p>Remisio\u0301n de comunicaciones comerciales publicitarias por e-mail, fax, SMS, MMS, redes sociales o cualquier otro medio electro\u0301nico o fi\u0301sico, presente o futuro, que posibilite realizar comunicaciones comerciales. Estas comunicaciones sera\u0301n realizadas por el RESPONSABLE y estara\u0301n relacionadas con sus productos y servicios, o de sus colaboradores o proveedores, con los que este haya alcanzado algu\u0301n acuerdo de promocio\u0301n. En este caso, los terceros nunca tendra\u0301n acceso a los datos personales.<\/p><p>\u00a0<\/p><p>Tramitar encargos, solicitudes, dar respuesta a las consultas o cualquier tipo de peticio\u0301n que sea realizada por el USUARIO a trave\u0301s de cualquiera de las formas de contacto que se ponen a su disposicio\u0301n en la pa\u0301gina web del RESPONSABLE.<\/p><p>Remitir el boleti\u0301n informativo online, sobre novedades, ofertas y promociones en nuestra actividad.<\/p><p>\u00a0<\/p><p><b>\u00bfPor que\u0301 motivo podemos tratar tus datos personales?<\/b><\/p><p>\u00a0<\/p><ul><li>Porque el tratamiento esta\u0301 legitimado por el arti\u0301culo 6 del GDPR de la siguiente forma:<\/li><\/ul><div class=\"layoutArea\"><div class=\"column\"><ul><li>Con el consentimiento del USUARIO: remisio\u0301n de comunicaciones comerciales y del boleti\u0301n informativo. Por intere\u0301s legi\u0301timo del RESPONSABLE: tramitar encargos, solicitudes, etc. a peticio\u0301n del USUARIO.<\/li><\/ul><div class=\"page\" title=\"Page 10\"><div class=\"layoutArea\"><div class=\"column\"><p>\u00a0<\/p><p><strong>\u00bfDurante cua\u0301nto tiempo guardaremos tus datos personales?<\/strong><\/p><p>\u00a0<\/p><p>Se conservara\u0301n durante no ma\u0301s tiempo del necesario para mantener el fin del tratamiento o existan prescripciones legales que dictaminen su custodia y cuando ya no sea necesario para ello, se suprimira\u0301n con medidas de seguridad adecuadas para garantizar la anonimizacio\u0301n de los datos o la destruccio\u0301n total de los mismos.<\/p><p>\u00a0<\/p><p><strong>\u00bfA quie\u0301n facilitamos tus datos personales?<\/strong><\/p><p>\u00a0<\/p><p>No esta\u0301 prevista ninguna comunicacio\u0301n de datos personales a terceros salvo, si fuese necesario para el desarrollo y ejecucio\u0301n de las finalidades del tratamiento, a nuestros proveedores de servicios relacionados con comunicaciones, con los cuales elRESPONSABLE tiene suscritos los contratos de confidencialidad y de encargado de tratamiento exigidos por la normativa vigente de privacidad.<\/p><p>\u00a0<\/p><p><strong>\u00bfCua\u0301les son tus derechos?<\/strong><\/p><p>\u00a0<\/p><p>Los derechos que asisten al USUARIO son:<\/p><ul><li>Derecho a retirar el consentimiento en cualquier momento.<\/li><li>Derecho de acceso, rectificacio\u0301n, portabilidad y supresio\u0301n de sus datos, y de limitacio\u0301n u oposicio\u0301n a su tratamiento.<\/li><li>Derecho a presentar una reclamacio\u0301n ante la autoridad de control (www.aepd.es) si considera que el tratamiento no se ajusta a la normativa vigente.<\/li><\/ul><p><strong>Datos de contacto para ejercer sus derechos:<\/strong> CENTRE DE FORMACIO\u0301 SANITAREA S.L. c\/ Montserrat Roig, no 5,B, 2o 4a, &#8211; 43204 REUS (Tarragona). E-mail: soporte.juridico@adaptium.es<\/p><\/div><\/div><\/div><\/div><p>\u00a0<\/p><\/div><\/div><\/div><\/div>\t\t\t\t\t\t\t\t<\/div>\n\t\t\t\t<\/div>\n\t\t\t\t\t<\/div>\n\t\t<\/div>\n\t\t\t\t\t<\/div>\n\t\t<\/section>\n\t\t\t\t<section class=\"elementor-section elementor-top-section elementor-element elementor-element-47853e3 elementor-section-boxed elementor-section-height-default elementor-section-height-default\" data-id=\"47853e3\" data-element_type=\"section\">\n\t\t\t\t\t\t<div class=\"elementor-container elementor-column-gap-default\">\n\t\t\t\t\t<div class=\"elementor-column elementor-col-100 elementor-top-column elementor-element elementor-element-deec573\" data-id=\"deec573\" data-element_type=\"column\">\n\t\t\t<div class=\"elementor-widget-wrap elementor-element-populated\">\n\t\t\t\t\t\t<div class=\"elementor-element elementor-element-cbee7cc elementor-widget elementor-widget-text-editor\" data-id=\"cbee7cc\" data-element_type=\"widget\" data-widget_type=\"text-editor.default\">\n\t\t\t\t<div class=\"elementor-widget-container\">\n\t\t\t\t\t\t\t\t\t<div class=\"page\" title=\"Page 10\"><div class=\"layoutArea\"><div class=\"column\"><p><strong>2. CARA\u0301CTER OBLIGATORIO O FACULTATIVO DE LA INFORMACIO\u0301N FACILITADA POR EL USUARIO<\/strong><\/p><p>\u00a0<\/p><p>Los USUARIOS, mediante la marcacio\u0301n de las casillas correspondientes y la entrada de datos en los campos, marcados con un asterisco (*) en el formulario de contacto o presentados en formularios de descarga, aceptan expresamente y de forma libre e inequi\u0301voca, que sus datos son necesarios para atender su peticio\u0301n, por parte del prestador, siendo voluntaria la inclusio\u0301n de datos en los campos restantes. El USUARIO garantiza que los datos personales facilitados al RESPONSABLE son veraces y se hace responsable de comunicar cualquier modificacio\u0301n de los mismos.<\/p><p>\u00a0<\/p><p>El RESPONSABLE informa de que todos los datos solicitados a trave\u0301s del sitio web son obligatorios, ya que son necesarios para la prestacio\u0301n de un servicio o\u0301ptimo al USUARIO. En caso de que no se faciliten todos los datos, no se garantiza que la informacio\u0301n y servicios facilitados sean completamente ajustados a sus necesidades.<\/p><p>\u00a0<\/p><p><strong>3. MEDIDAS DE SEGURIDAD<\/strong><\/p><p>\u00a0<\/p><p>Que de conformidad con lo dispuesto en las normativas vigentes en proteccio\u0301n de datos personales, el RESPONSABLE esta\u0301 cumpliendo con todas las disposiciones de las normativas GDPR y LOPDGDD para el tratamiento de los datos personales de su responsabilidad, y manifiestamente con los principios descritos en el arti\u0301culo 5 del GDPR, por los cuales son tratados de manera li\u0301cita, leal y transparente en relacio\u0301n con el interesado y adecuados, pertinentes y limitados a lo necesario en relacio\u0301n con los fines para los que son tratados.<\/p><\/div><div class=\"page\" title=\"Page 11\"><div class=\"layoutArea\"><div class=\"column\"><p>\u00a0<\/p><p>El RESPONSABLE garantiza que ha implementado poli\u0301ticas te\u0301cnicas y organizativas apropiadas para aplicar las medidas de seguridad que establecen el GDPR y la LOPDGDD con el fin de proteger los derechos y libertades de los USUARIOS y les ha comunicado la informacio\u0301n adecuada para que puedan ejercerlos.<\/p><p>\u00a0<\/p><p>Para ma\u0301s informacio\u0301n sobre las garanti\u0301as de privacidad, puedes dirigirte aRl ESPONSABLE a trave\u0301s del email soporte.juridico@adaptium.es.<\/p><\/div><\/div><\/div><\/div><\/div>\t\t\t\t\t\t\t\t<\/div>\n\t\t\t\t<\/div>\n\t\t\t\t\t<\/div>\n\t\t<\/div>\n\t\t\t\t\t<\/div>\n\t\t<\/section>\n\t\t\t\t<\/div>\n\t\t","protected":false},"excerpt":{"rendered":"<p>Pol\u00edtica de privacidad 1. INFORMACIO\u0301N AL USUARIO \u00bfQuie\u0301n es el responsable del tratamiento de tus datos personales? &nbsp; CENTRE DE FORMACIO\u0301 SANITAREA S.L es el RESPONSABLE del tratamiento de los datos personales del USUARIO y le informa de que estos datos sera\u0301n tratados de conformidad con lo dispuesto en el Reglamento (UE) 2016\/679, de 27 &#8230; <a title=\"Pol\u00edtica de privacidad\" class=\"read-more\" href=\"https:\/\/sanitarea.es\/ca\/politica-privacidad\/\" aria-label=\"M\u00e9s informaci\u00f3 sobre Pol\u00edtica de privacidad\">Llegiu m\u00e9s<\/a><\/p>\n","protected":false},"author":1,"featured_media":0,"parent":0,"menu_order":0,"comment_status":"closed","ping_status":"closed","template":"","meta":{"footnotes":""},"class_list":["post-2214","page","type-page","status-publish"],"_links":{"self":[{"href":"https:\/\/sanitarea.es\/ca\/wp-json\/wp\/v2\/pages\/2214","targetHints":{"allow":["GET"]}}],"collection":[{"href":"https:\/\/sanitarea.es\/ca\/wp-json\/wp\/v2\/pages"}],"about":[{"href":"https:\/\/sanitarea.es\/ca\/wp-json\/wp\/v2\/types\/page"}],"author":[{"embeddable":true,"href":"https:\/\/sanitarea.es\/ca\/wp-json\/wp\/v2\/users\/1"}],"replies":[{"embeddable":true,"href":"https:\/\/sanitarea.es\/ca\/wp-json\/wp\/v2\/comments?post=2214"}],"version-history":[{"count":23,"href":"https:\/\/sanitarea.es\/ca\/wp-json\/wp\/v2\/pages\/2214\/revisions"}],"predecessor-version":[{"id":2904,"href":"https:\/\/sanitarea.es\/ca\/wp-json\/wp\/v2\/pages\/2214\/revisions\/2904"}],"wp:attachment":[{"href":"https:\/\/sanitarea.es\/ca\/wp-json\/wp\/v2\/media?parent=2214"}],"curies":[{"name":"wp","href":"https:\/\/api.w.org\/{rel}","templated":true}]}}