{"id":2793,"date":"2022-10-13T08:28:23","date_gmt":"2022-10-13T07:28:23","guid":{"rendered":"https:\/\/sanitarea.es\/sanitbox\/"},"modified":"2023-01-31T08:13:02","modified_gmt":"2023-01-31T07:13:02","slug":"sanitbox","status":"publish","type":"page","link":"https:\/\/sanitarea.es\/ca\/sanitbox\/","title":{"rendered":"Sanitbox"},"content":{"rendered":"\t\t<div data-elementor-type=\"wp-page\" data-elementor-id=\"2793\" class=\"elementor elementor-2793 elementor-2540\" data-elementor-post-type=\"page\">\n\t\t\t\t\t\t<section class=\"elementor-section elementor-top-section elementor-element elementor-element-b4b9587 elementor-section-boxed elementor-section-height-default elementor-section-height-default\" data-id=\"b4b9587\" data-element_type=\"section\" id=\"sanitbox0\">\n\t\t\t\t\t\t<div class=\"elementor-container elementor-column-gap-default\">\n\t\t\t\t\t<div class=\"elementor-column elementor-col-100 elementor-top-column elementor-element elementor-element-d065f15\" data-id=\"d065f15\" data-element_type=\"column\">\n\t\t\t<div class=\"elementor-widget-wrap elementor-element-populated\">\n\t\t\t\t\t\t<div class=\"elementor-element elementor-element-4a0b546 elementor-widget elementor-widget-text-editor\" data-id=\"4a0b546\" data-element_type=\"widget\" data-widget_type=\"text-editor.default\">\n\t\t\t\t<div class=\"elementor-widget-container\">\n\t\t\t\t\t\t\t\t\t<h1>Sanit\u00e0ria t&#8217;ensenya a <br \/><span class=\"acqua\">tenir cura dels m\u00e9s petits.<\/span><br \/>Regala Sanitbox<\/h1>\n\t\t\t\t\t\t\t\t<\/div>\n\t\t\t\t<\/div>\n\t\t\t\t\t<\/div>\n\t\t<\/div>\n\t\t\t\t\t<\/div>\n\t\t<\/section>\n\t\t\t\t<section class=\"elementor-section elementor-top-section elementor-element elementor-element-a858185 elementor-section-full_width elementor-section-height-min-height elementor-section-height-default elementor-section-items-middle\" data-id=\"a858185\" data-element_type=\"section\" data-settings=\"{&quot;background_background&quot;:&quot;classic&quot;}\">\n\t\t\t\t\t\t<div class=\"elementor-container elementor-column-gap-default\">\n\t\t\t\t\t<div class=\"elementor-column elementor-col-100 elementor-top-column elementor-element elementor-element-03ddeac\" data-id=\"03ddeac\" data-element_type=\"column\">\n\t\t\t<div class=\"elementor-widget-wrap\">\n\t\t\t\t\t\t\t<\/div>\n\t\t<\/div>\n\t\t\t\t\t<\/div>\n\t\t<\/section>\n\t\t\t\t<section class=\"elementor-section elementor-top-section elementor-element elementor-element-c2ca2c4 elementor-section-boxed elementor-section-height-default elementor-section-height-default\" data-id=\"c2ca2c4\" data-element_type=\"section\" id=\"sanitbox2\" data-settings=\"{&quot;background_background&quot;:&quot;classic&quot;}\">\n\t\t\t\t\t\t<div class=\"elementor-container elementor-column-gap-default\">\n\t\t\t\t\t<div class=\"elementor-column elementor-col-100 elementor-top-column elementor-element elementor-element-7c66928\" data-id=\"7c66928\" data-element_type=\"column\">\n\t\t\t<div class=\"elementor-widget-wrap elementor-element-populated\">\n\t\t\t\t\t\t<section class=\"elementor-section elementor-inner-section elementor-element elementor-element-653758d elementor-section-boxed elementor-section-height-default elementor-section-height-default\" data-id=\"653758d\" data-element_type=\"section\">\n\t\t\t\t\t\t<div class=\"elementor-container elementor-column-gap-default\">\n\t\t\t\t\t<div class=\"elementor-column elementor-col-100 elementor-inner-column elementor-element elementor-element-5c23c3c\" data-id=\"5c23c3c\" data-element_type=\"column\">\n\t\t\t<div class=\"elementor-widget-wrap elementor-element-populated\">\n\t\t\t\t\t\t<div class=\"elementor-element elementor-element-8e277ff elementor-widget elementor-widget-text-editor\" data-id=\"8e277ff\" data-element_type=\"widget\" data-widget_type=\"text-editor.default\">\n\t\t\t\t<div class=\"elementor-widget-container\">\n\t\t\t\t\t\t\t\t\t<h2>Qu\u00e8 \u00e9s <span class=\"acqua\">Sanitbox?<\/span><\/h2>\n\t\t\t\t\t\t\t\t<\/div>\n\t\t\t\t<\/div>\n\t\t\t\t<div class=\"elementor-element elementor-element-abf932c elementor-widget elementor-widget-text-editor\" data-id=\"abf932c\" data-element_type=\"widget\" data-widget_type=\"text-editor.default\">\n\t\t\t\t<div class=\"elementor-widget-container\">\n\t\t\t\t\t\t\t\t\t<p><span style=\"font-weight: 400;\">Busques un regal diferent i original? Vols sorprendre els teus \u00e9ssers m\u00e9s estimats? Amb Sanitbox, ara pots!<\/span><\/p>\n<p><span style=\"font-weight: 400;\"> <\/span><\/p>\n<p><span style=\"font-weight: 400;\">Des de Sanit\u00e0rea volem presentar-te Sanitbox, les nostres caixes regalo m\u00e9s especials. Les hem creat amb molt d&#8217;afecte, a consci\u00e8ncia i amb tota la il\u00b7lusi\u00f3 de saber que no s\u00f3n un regal qualsevol. Cada caixa equival a un curs, taller o monogr\u00e0fic de primers auxilis en nens, nenes i nadons, i \u00e9s el regal perfecte per a pares i mares, oncles i ties, avis i \u00e0vies, professors i professores, i, en general, per a tots aquells que dediquen bona part del seu temps a cura dels m\u00e9s petits.<\/span><\/p>\n<p><span style=\"font-weight: 400;\"> <\/span><\/p>\n<p><span style=\"font-weight: 400;\">Triant una Sanitbox, no sols est\u00e0s regalant un curs de primers auxilis. Est\u00e0s oferint l&#8217;oportunitat de saber cuidar dels que m\u00e9s estimes i, sobretot, est\u00e0s regalant tranquil\u00b7litat i salut.<\/span><\/p>\n\t\t\t\t\t\t\t\t<\/div>\n\t\t\t\t<\/div>\n\t\t\t\t\t<\/div>\n\t\t<\/div>\n\t\t\t\t\t<\/div>\n\t\t<\/section>\n\t\t\t\t<section class=\"elementor-section elementor-inner-section elementor-element elementor-element-d6643d4 elementor-section-boxed elementor-section-height-default elementor-section-height-default\" data-id=\"d6643d4\" data-element_type=\"section\">\n\t\t\t\t\t\t<div class=\"elementor-container elementor-column-gap-default\">\n\t\t\t\t\t<div class=\"elementor-column elementor-col-50 elementor-inner-column elementor-element elementor-element-8b6d301\" data-id=\"8b6d301\" data-element_type=\"column\">\n\t\t\t<div class=\"elementor-widget-wrap elementor-element-populated\">\n\t\t\t\t\t\t<section class=\"elementor-section elementor-inner-section elementor-element elementor-element-db40436 elementor-section-boxed elementor-section-height-default elementor-section-height-default\" data-id=\"db40436\" data-element_type=\"section\" data-settings=\"{&quot;background_background&quot;:&quot;classic&quot;}\">\n\t\t\t\t\t\t<div class=\"elementor-container elementor-column-gap-default\">\n\t\t\t\t\t<div class=\"elementor-column elementor-col-100 elementor-inner-column elementor-element elementor-element-dfc0ad1\" data-id=\"dfc0ad1\" data-element_type=\"column\">\n\t\t\t<div class=\"elementor-widget-wrap elementor-element-populated\">\n\t\t\t\t\t\t<div class=\"elementor-element elementor-element-13d81a2 elementor-widget elementor-widget-html\" data-id=\"13d81a2\" data-element_type=\"widget\" data-widget_type=\"html.default\">\n\t\t\t\t<div class=\"elementor-widget-container\">\n\t\t\t\t\t<div id=\"cabeceratabla\" style=\"text-align:center\">\n  <p>VAL PER<\/p>\n    <span>1 PERSONA<\/span>\n<\/div>\t\t\t\t<\/div>\n\t\t\t\t<\/div>\n\t\t\t\t\t<\/div>\n\t\t<\/div>\n\t\t\t\t\t<\/div>\n\t\t<\/section>\n\t\t\t\t<section class=\"elementor-section elementor-inner-section elementor-element elementor-element-fc5edc6 elementor-section-boxed elementor-section-height-default elementor-section-height-default\" data-id=\"fc5edc6\" data-element_type=\"section\">\n\t\t\t\t\t\t<div class=\"elementor-container elementor-column-gap-default\">\n\t\t\t\t\t<div class=\"elementor-column elementor-col-100 elementor-inner-column elementor-element elementor-element-008a3dd\" data-id=\"008a3dd\" data-element_type=\"column\" data-settings=\"{&quot;background_background&quot;:&quot;classic&quot;}\">\n\t\t\t<div class=\"elementor-widget-wrap elementor-element-populated\">\n\t\t\t\t\t\t<div class=\"elementor-element elementor-element-82a64e3 elementor-widget elementor-widget-text-editor\" data-id=\"82a64e3\" data-element_type=\"widget\" data-widget_type=\"text-editor.default\">\n\t\t\t\t<div class=\"elementor-widget-container\">\n\t\t\t\t\t\t\t\t\t<p>55\u20ac<\/p>\n\t\t\t\t\t\t\t\t<\/div>\n\t\t\t\t<\/div>\n\t\t\t\t<div class=\"elementor-element elementor-element-2251e85 elementor-add-to-cart--align-center elementor-widget elementor-widget-wc-add-to-cart\" data-id=\"2251e85\" data-element_type=\"widget\" data-widget_type=\"wc-add-to-cart.default\">\n\t\t\t\t<div class=\"elementor-widget-container\">\n\t\t\t\t\t\t\t\t\t<div class=\"elementor-button-wrapper\">\n\t\t\t\t\t<a rel=\"nofollow\" href=\"\/ca\/sanitbox\/?add-to-cart=2886\" data-quantity=\"1\" data-product_id=\"2886\" class=\"product_type_simple add_to_cart_button ajax_add_to_cart elementor-button elementor-size-sm\" role=\"button\">\n\t\t\t\t\t\t<span class=\"elementor-button-content-wrapper\">\n\t\t\t\t\t\t\t\t\t<span class=\"elementor-button-text\">Afegir a la cistella<\/span>\n\t\t\t\t\t<\/span>\n\t\t\t\t\t<\/a>\n\t\t\t\t<\/div>\n\t\t\t\t\t\t\t\t<\/div>\n\t\t\t\t<\/div>\n\t\t\t\t\t<\/div>\n\t\t<\/div>\n\t\t\t\t\t<\/div>\n\t\t<\/section>\n\t\t\t\t\t<\/div>\n\t\t<\/div>\n\t\t\t\t<div class=\"elementor-column elementor-col-50 elementor-inner-column elementor-element elementor-element-73e6158\" data-id=\"73e6158\" data-element_type=\"column\" data-settings=\"{&quot;background_background&quot;:&quot;classic&quot;}\">\n\t\t\t<div class=\"elementor-widget-wrap elementor-element-populated\">\n\t\t\t\t\t\t<section class=\"elementor-section elementor-inner-section elementor-element elementor-element-1afaeef elementor-section-boxed elementor-section-height-default elementor-section-height-default\" data-id=\"1afaeef\" data-element_type=\"section\" data-settings=\"{&quot;background_background&quot;:&quot;classic&quot;}\">\n\t\t\t\t\t\t<div class=\"elementor-container elementor-column-gap-default\">\n\t\t\t\t\t<div class=\"elementor-column elementor-col-100 elementor-inner-column elementor-element elementor-element-1bd80ee\" data-id=\"1bd80ee\" data-element_type=\"column\">\n\t\t\t<div class=\"elementor-widget-wrap elementor-element-populated\">\n\t\t\t\t\t\t<div class=\"elementor-element elementor-element-59eb78b elementor-widget elementor-widget-html\" data-id=\"59eb78b\" data-element_type=\"widget\" data-widget_type=\"html.default\">\n\t\t\t\t<div class=\"elementor-widget-container\">\n\t\t\t\t\t<div id=\"cabeceratabla\" style=\"text-align:center\">\n  <p>VAL PER<\/p>\n    <span>2 PERSONES<\/span>\n<\/div>\t\t\t\t<\/div>\n\t\t\t\t<\/div>\n\t\t\t\t\t<\/div>\n\t\t<\/div>\n\t\t\t\t\t<\/div>\n\t\t<\/section>\n\t\t\t\t<section class=\"elementor-section elementor-inner-section elementor-element elementor-element-8caaf79 elementor-section-boxed elementor-section-height-default elementor-section-height-default\" data-id=\"8caaf79\" data-element_type=\"section\">\n\t\t\t\t\t\t<div class=\"elementor-container elementor-column-gap-default\">\n\t\t\t\t\t<div class=\"elementor-column elementor-col-100 elementor-inner-column elementor-element elementor-element-ebeaa87\" data-id=\"ebeaa87\" data-element_type=\"column\" data-settings=\"{&quot;background_background&quot;:&quot;classic&quot;}\">\n\t\t\t<div class=\"elementor-widget-wrap elementor-element-populated\">\n\t\t\t\t\t\t<div class=\"elementor-element elementor-element-de69505 elementor-widget elementor-widget-text-editor\" data-id=\"de69505\" data-element_type=\"widget\" data-widget_type=\"text-editor.default\">\n\t\t\t\t<div class=\"elementor-widget-container\">\n\t\t\t\t\t\t\t\t\t<p>80\u20ac<\/p>\n\t\t\t\t\t\t\t\t<\/div>\n\t\t\t\t<\/div>\n\t\t\t\t<div class=\"elementor-element elementor-element-a60c66b elementor-add-to-cart--align-center elementor-widget elementor-widget-wc-add-to-cart\" data-id=\"a60c66b\" data-element_type=\"widget\" data-widget_type=\"wc-add-to-cart.default\">\n\t\t\t\t<div class=\"elementor-widget-container\">\n\t\t\t\t\t\t\t\t\t<div class=\"elementor-button-wrapper\">\n\t\t\t\t\t<a rel=\"nofollow\" href=\"\/ca\/sanitbox\/?add-to-cart=2885\" data-quantity=\"1\" data-product_id=\"2885\" class=\"product_type_simple add_to_cart_button ajax_add_to_cart elementor-button elementor-size-sm\" role=\"button\">\n\t\t\t\t\t\t<span class=\"elementor-button-content-wrapper\">\n\t\t\t\t\t\t\t\t\t<span class=\"elementor-button-text\">Afegir a la cistella<\/span>\n\t\t\t\t\t<\/span>\n\t\t\t\t\t<\/a>\n\t\t\t\t<\/div>\n\t\t\t\t\t\t\t\t<\/div>\n\t\t\t\t<\/div>\n\t\t\t\t\t<\/div>\n\t\t<\/div>\n\t\t\t\t\t<\/div>\n\t\t<\/section>\n\t\t\t\t\t<\/div>\n\t\t<\/div>\n\t\t\t\t\t<\/div>\n\t\t<\/section>\n\t\t\t\t\t<\/div>\n\t\t<\/div>\n\t\t\t\t\t<\/div>\n\t\t<\/section>\n\t\t\t\t<section class=\"elementor-section elementor-top-section elementor-element elementor-element-5ab38f3 elementor-section-boxed elementor-section-height-default elementor-section-height-default\" data-id=\"5ab38f3\" data-element_type=\"section\" id=\"sanitbox3\">\n\t\t\t\t\t\t<div class=\"elementor-container elementor-column-gap-default\">\n\t\t\t\t\t<div class=\"elementor-column elementor-col-100 elementor-top-column elementor-element elementor-element-85fea57\" data-id=\"85fea57\" data-element_type=\"column\">\n\t\t\t<div class=\"elementor-widget-wrap elementor-element-populated\">\n\t\t\t\t\t\t<section class=\"elementor-section elementor-inner-section elementor-element elementor-element-03ec52f elementor-section-boxed elementor-section-height-default elementor-section-height-default\" data-id=\"03ec52f\" data-element_type=\"section\">\n\t\t\t\t\t\t<div class=\"elementor-container elementor-column-gap-default\">\n\t\t\t\t\t<div class=\"elementor-column elementor-col-100 elementor-inner-column elementor-element elementor-element-fae4c47\" data-id=\"fae4c47\" data-element_type=\"column\">\n\t\t\t<div class=\"elementor-widget-wrap elementor-element-populated\">\n\t\t\t\t\t\t<div class=\"elementor-element elementor-element-58bcf3e elementor-widget elementor-widget-text-editor\" data-id=\"58bcf3e\" data-element_type=\"widget\" data-widget_type=\"text-editor.default\">\n\t\t\t\t<div class=\"elementor-widget-container\">\n\t\t\t\t\t\t\t\t\t<h2>M&#8217;han regalat una Sanitbox, <span class=\"acqua\">i ara qu\u00e8?<\/span><\/h2>\n\t\t\t\t\t\t\t\t<\/div>\n\t\t\t\t<\/div>\n\t\t\t\t<div class=\"elementor-element elementor-element-bdb56b1 elementor-widget elementor-widget-text-editor\" data-id=\"bdb56b1\" data-element_type=\"widget\" data-widget_type=\"text-editor.default\">\n\t\t\t\t<div class=\"elementor-widget-container\">\n\t\t\t\t\t\t\t\t\t<p><span style=\"font-weight: 400;\">Si t&#8217;han regalat una Sanitbox, ara \u00e9s el moment de prendre acci\u00f3. El primer pas \u00e9s localitzar, dins de la caixa, un xec regal numerat que podr\u00e0s canviar per una inscripci\u00f3 en qualsevol dels cursos, tallers o monogr\u00e0fics que organitzem a Sanit\u00e0rea. Afegeix el curs que desitges al carret, introdueix el teu codi i llest!<\/span><\/p><p><span style=\"font-weight: 400;\"><br><\/span><\/p>\n<p><span style=\"font-weight: 400;\">Cada xec t\u00e9 una vig\u00e8ncia d&#8217;un any, a partir de la data de compra o de registre de la caixa. A m\u00e9s, si et sembla poc, sempre pots ampliar el teu bo regalo un any m\u00e9s, abonant una quantitat de tan sols 5 euros. L&#8217;\u00fanica cosa que has de tenir en compte \u00e9s fer-ho abans de la data de caducitat del xec. Aix\u00ed de f\u00e0cil!<\/span><\/p>\n<p><\/p>\t\t\t\t\t\t\t\t<\/div>\n\t\t\t\t<\/div>\n\t\t\t\t\t<\/div>\n\t\t<\/div>\n\t\t\t\t\t<\/div>\n\t\t<\/section>\n\t\t\t\t\t<\/div>\n\t\t<\/div>\n\t\t\t\t\t<\/div>\n\t\t<\/section>\n\t\t\t\t<\/div>\n\t\t","protected":false},"excerpt":{"rendered":"<p>Sanit\u00e0ria t&#8217;ensenya a tenir cura dels m\u00e9s petits.Regala Sanitbox Qu\u00e8 \u00e9s Sanitbox? Busques un regal diferent i original? Vols sorprendre els teus \u00e9ssers m\u00e9s estimats? Amb Sanitbox, ara pots! Des de Sanit\u00e0rea volem presentar-te Sanitbox, les nostres caixes regalo m\u00e9s especials. Les hem creat amb molt d&#8217;afecte, a consci\u00e8ncia i amb tota la il\u00b7lusi\u00f3 de &#8230; <a title=\"Sanitbox\" class=\"read-more\" href=\"https:\/\/sanitarea.es\/ca\/sanitbox\/\" aria-label=\"M\u00e9s informaci\u00f3 sobre Sanitbox\">Llegiu m\u00e9s<\/a><\/p>\n","protected":false},"author":1,"featured_media":0,"parent":0,"menu_order":0,"comment_status":"closed","ping_status":"closed","template":"","meta":{"footnotes":""},"class_list":["post-2793","page","type-page","status-publish"],"_links":{"self":[{"href":"https:\/\/sanitarea.es\/ca\/wp-json\/wp\/v2\/pages\/2793","targetHints":{"allow":["GET"]}}],"collection":[{"href":"https:\/\/sanitarea.es\/ca\/wp-json\/wp\/v2\/pages"}],"about":[{"href":"https:\/\/sanitarea.es\/ca\/wp-json\/wp\/v2\/types\/page"}],"author":[{"embeddable":true,"href":"https:\/\/sanitarea.es\/ca\/wp-json\/wp\/v2\/users\/1"}],"replies":[{"embeddable":true,"href":"https:\/\/sanitarea.es\/ca\/wp-json\/wp\/v2\/comments?post=2793"}],"version-history":[{"count":9,"href":"https:\/\/sanitarea.es\/ca\/wp-json\/wp\/v2\/pages\/2793\/revisions"}],"predecessor-version":[{"id":3748,"href":"https:\/\/sanitarea.es\/ca\/wp-json\/wp\/v2\/pages\/2793\/revisions\/3748"}],"wp:attachment":[{"href":"https:\/\/sanitarea.es\/ca\/wp-json\/wp\/v2\/media?parent=2793"}],"curies":[{"name":"wp","href":"https:\/\/api.w.org\/{rel}","templated":true}]}}